{"id":1989,"date":"2026-04-03T07:18:19","date_gmt":"2026-04-03T07:18:19","guid":{"rendered":"https:\/\/minimin.vn\/product\/hop-dung-trang-suc-co-khoa-keo-tmark-kien-100-cai\/"},"modified":"2026-04-03T07:18:19","modified_gmt":"2026-04-03T07:18:19","slug":"hop-dung-trang-suc-co-khoa-keo-tmark-kien-100-cai","status":"publish","type":"product","link":"https:\/\/minimin.vn\/vi\/san-pham\/hop-dung-trang-suc-co-khoa-keo-tmark-kien-100-cai\/","title":{"rendered":"H\u1ed9p \u0111\u1ef1ng trang s\u1ee9c c\u00f3 kho\u00e1 k\u00e9o Tmark (Ki\u1ec7n 100 c\u00e1i)"},"content":{"rendered":"","protected":false},"excerpt":{"rendered":"","protected":false},"featured_media":1991,"comment_status":"closed","ping_status":"open","template":"","meta":[],"product_brand":[],"product_cat":[77],"product_tag":[],"class_list":{"0":"post-1989","1":"product","2":"type-product","3":"status-publish","4":"has-post-thumbnail","6":"product_cat-qua-tang-marketing","8":"first","9":"instock","10":"purchasable","11":"product-type-simple"},"_links":{"self":[{"href":"https:\/\/minimin.vn\/vi\/wp-json\/wp\/v2\/product\/1989","targetHints":{"allow":["GET"]}}],"collection":[{"href":"https:\/\/minimin.vn\/vi\/wp-json\/wp\/v2\/product"}],"about":[{"href":"https:\/\/minimin.vn\/vi\/wp-json\/wp\/v2\/types\/product"}],"replies":[{"embeddable":true,"href":"https:\/\/minimin.vn\/vi\/wp-json\/wp\/v2\/comments?post=1989"}],"version-history":[{"count":1,"href":"https:\/\/minimin.vn\/vi\/wp-json\/wp\/v2\/product\/1989\/revisions"}],"predecessor-version":[{"id":1990,"href":"https:\/\/minimin.vn\/vi\/wp-json\/wp\/v2\/product\/1989\/revisions\/1990"}],"wp:featuredmedia":[{"embeddable":true,"href":"https:\/\/minimin.vn\/vi\/wp-json\/wp\/v2\/media\/1991"}],"wp:attachment":[{"href":"https:\/\/minimin.vn\/vi\/wp-json\/wp\/v2\/media?parent=1989"}],"wp:term":[{"taxonomy":"product_brand","embeddable":true,"href":"https:\/\/minimin.vn\/vi\/wp-json\/wp\/v2\/product_brand?post=1989"},{"taxonomy":"product_cat","embeddable":true,"href":"https:\/\/minimin.vn\/vi\/wp-json\/wp\/v2\/product_cat?post=1989"},{"taxonomy":"product_tag","embeddable":true,"href":"https:\/\/minimin.vn\/vi\/wp-json\/wp\/v2\/product_tag?post=1989"}],"curies":[{"name":"wp","href":"https:\/\/api.w.org\/{rel}","templated":true}]}}