{"id":1977,"date":"2026-04-03T07:17:41","date_gmt":"2026-04-03T07:17:41","guid":{"rendered":"https:\/\/minimin.vn\/product\/bang-do-cai-toc-co-tai-kien-312-cai\/"},"modified":"2026-04-03T07:17:59","modified_gmt":"2026-04-03T07:17:59","slug":"bang-do-cai-toc-co-tai-kien-312-cai","status":"publish","type":"product","link":"https:\/\/minimin.vn\/vi\/san-pham\/bang-do-cai-toc-co-tai-kien-312-cai\/","title":{"rendered":"B\u0103ng \u0111\u00f4 c\u00e0i t\u00f3c c\u00f3 tai (Ki\u1ec7n 312 c\u00e1i)"},"content":{"rendered":"","protected":false},"excerpt":{"rendered":"","protected":false},"featured_media":1979,"comment_status":"closed","ping_status":"open","template":"","meta":[],"product_brand":[],"product_cat":[77],"product_tag":[],"class_list":{"0":"post-1977","1":"product","2":"type-product","3":"status-publish","4":"has-post-thumbnail","6":"product_cat-qua-tang-marketing","8":"first","9":"instock","10":"purchasable","11":"product-type-simple"},"_links":{"self":[{"href":"https:\/\/minimin.vn\/vi\/wp-json\/wp\/v2\/product\/1977","targetHints":{"allow":["GET"]}}],"collection":[{"href":"https:\/\/minimin.vn\/vi\/wp-json\/wp\/v2\/product"}],"about":[{"href":"https:\/\/minimin.vn\/vi\/wp-json\/wp\/v2\/types\/product"}],"replies":[{"embeddable":true,"href":"https:\/\/minimin.vn\/vi\/wp-json\/wp\/v2\/comments?post=1977"}],"version-history":[{"count":1,"href":"https:\/\/minimin.vn\/vi\/wp-json\/wp\/v2\/product\/1977\/revisions"}],"predecessor-version":[{"id":1978,"href":"https:\/\/minimin.vn\/vi\/wp-json\/wp\/v2\/product\/1977\/revisions\/1978"}],"wp:featuredmedia":[{"embeddable":true,"href":"https:\/\/minimin.vn\/vi\/wp-json\/wp\/v2\/media\/1979"}],"wp:attachment":[{"href":"https:\/\/minimin.vn\/vi\/wp-json\/wp\/v2\/media?parent=1977"}],"wp:term":[{"taxonomy":"product_brand","embeddable":true,"href":"https:\/\/minimin.vn\/vi\/wp-json\/wp\/v2\/product_brand?post=1977"},{"taxonomy":"product_cat","embeddable":true,"href":"https:\/\/minimin.vn\/vi\/wp-json\/wp\/v2\/product_cat?post=1977"},{"taxonomy":"product_tag","embeddable":true,"href":"https:\/\/minimin.vn\/vi\/wp-json\/wp\/v2\/product_tag?post=1977"}],"curies":[{"name":"wp","href":"https:\/\/api.w.org\/{rel}","templated":true}]}}