{"id":1932,"date":"2026-04-03T07:17:41","date_gmt":"2026-04-03T07:17:41","guid":{"rendered":"https:\/\/minimin.vn\/product\/binh-giu-nhiet-chan-khong-can-go-la-fonte-1000-ml-tmark-kien-50-cai\/"},"modified":"2026-04-03T07:17:43","modified_gmt":"2026-04-03T07:17:43","slug":"binh-giu-nhiet-chan-khong-can-go-la-fonte-1000-ml-tmark-kien-50-cai","status":"publish","type":"product","link":"https:\/\/minimin.vn\/vi\/san-pham\/binh-giu-nhiet-chan-khong-can-go-la-fonte-1000-ml-tmark-kien-50-cai\/","title":{"rendered":"B\u00ecnh gi\u1eef nhi\u1ec7t ch\u00e2n kh\u00f4ng c\u00e1n g\u1ed7 La Fonte 1000 ml Tmark (Ki\u1ec7n 50 c\u00e1i)"},"content":{"rendered":"","protected":false},"excerpt":{"rendered":"","protected":false},"featured_media":1934,"comment_status":"closed","ping_status":"open","template":"","meta":[],"product_brand":[],"product_cat":[77],"product_tag":[],"class_list":{"0":"post-1932","1":"product","2":"type-product","3":"status-publish","4":"has-post-thumbnail","6":"product_cat-qua-tang-marketing","8":"first","9":"instock","10":"purchasable","11":"product-type-simple"},"_links":{"self":[{"href":"https:\/\/minimin.vn\/vi\/wp-json\/wp\/v2\/product\/1932","targetHints":{"allow":["GET"]}}],"collection":[{"href":"https:\/\/minimin.vn\/vi\/wp-json\/wp\/v2\/product"}],"about":[{"href":"https:\/\/minimin.vn\/vi\/wp-json\/wp\/v2\/types\/product"}],"replies":[{"embeddable":true,"href":"https:\/\/minimin.vn\/vi\/wp-json\/wp\/v2\/comments?post=1932"}],"version-history":[{"count":1,"href":"https:\/\/minimin.vn\/vi\/wp-json\/wp\/v2\/product\/1932\/revisions"}],"predecessor-version":[{"id":1933,"href":"https:\/\/minimin.vn\/vi\/wp-json\/wp\/v2\/product\/1932\/revisions\/1933"}],"wp:featuredmedia":[{"embeddable":true,"href":"https:\/\/minimin.vn\/vi\/wp-json\/wp\/v2\/media\/1934"}],"wp:attachment":[{"href":"https:\/\/minimin.vn\/vi\/wp-json\/wp\/v2\/media?parent=1932"}],"wp:term":[{"taxonomy":"product_brand","embeddable":true,"href":"https:\/\/minimin.vn\/vi\/wp-json\/wp\/v2\/product_brand?post=1932"},{"taxonomy":"product_cat","embeddable":true,"href":"https:\/\/minimin.vn\/vi\/wp-json\/wp\/v2\/product_cat?post=1932"},{"taxonomy":"product_tag","embeddable":true,"href":"https:\/\/minimin.vn\/vi\/wp-json\/wp\/v2\/product_tag?post=1932"}],"curies":[{"name":"wp","href":"https:\/\/api.w.org\/{rel}","templated":true}]}}