{"id":1929,"date":"2026-04-03T07:17:41","date_gmt":"2026-04-03T07:17:41","guid":{"rendered":"https:\/\/minimin.vn\/product\/binh-giu-nhiet-500ml-ctt046-khong-co-de-chong-truot-kien-60-cai\/"},"modified":"2026-04-03T07:17:41","modified_gmt":"2026-04-03T07:17:41","slug":"binh-giu-nhiet-500ml-ctt046-khong-co-de-chong-truot-kien-60-cai","status":"publish","type":"product","link":"https:\/\/minimin.vn\/vi\/san-pham\/binh-giu-nhiet-500ml-ctt046-khong-co-de-chong-truot-kien-60-cai\/","title":{"rendered":"B\u00ecnh gi\u1eef nhi\u1ec7t 500ml CTT046 kh\u00f4ng c\u00f3 \u0111\u1ec3 ch\u1ed1ng tr\u01b0\u1ee3t (Ki\u1ec7n 60 c\u00e1i)"},"content":{"rendered":"","protected":false},"excerpt":{"rendered":"","protected":false},"featured_media":1931,"comment_status":"closed","ping_status":"open","template":"","meta":[],"product_brand":[],"product_cat":[77],"product_tag":[],"class_list":{"0":"post-1929","1":"product","2":"type-product","3":"status-publish","4":"has-post-thumbnail","6":"product_cat-qua-tang-marketing","8":"first","9":"instock","10":"purchasable","11":"product-type-simple"},"_links":{"self":[{"href":"https:\/\/minimin.vn\/vi\/wp-json\/wp\/v2\/product\/1929","targetHints":{"allow":["GET"]}}],"collection":[{"href":"https:\/\/minimin.vn\/vi\/wp-json\/wp\/v2\/product"}],"about":[{"href":"https:\/\/minimin.vn\/vi\/wp-json\/wp\/v2\/types\/product"}],"replies":[{"embeddable":true,"href":"https:\/\/minimin.vn\/vi\/wp-json\/wp\/v2\/comments?post=1929"}],"version-history":[{"count":1,"href":"https:\/\/minimin.vn\/vi\/wp-json\/wp\/v2\/product\/1929\/revisions"}],"predecessor-version":[{"id":1930,"href":"https:\/\/minimin.vn\/vi\/wp-json\/wp\/v2\/product\/1929\/revisions\/1930"}],"wp:featuredmedia":[{"embeddable":true,"href":"https:\/\/minimin.vn\/vi\/wp-json\/wp\/v2\/media\/1931"}],"wp:attachment":[{"href":"https:\/\/minimin.vn\/vi\/wp-json\/wp\/v2\/media?parent=1929"}],"wp:term":[{"taxonomy":"product_brand","embeddable":true,"href":"https:\/\/minimin.vn\/vi\/wp-json\/wp\/v2\/product_brand?post=1929"},{"taxonomy":"product_cat","embeddable":true,"href":"https:\/\/minimin.vn\/vi\/wp-json\/wp\/v2\/product_cat?post=1929"},{"taxonomy":"product_tag","embeddable":true,"href":"https:\/\/minimin.vn\/vi\/wp-json\/wp\/v2\/product_tag?post=1929"}],"curies":[{"name":"wp","href":"https:\/\/api.w.org\/{rel}","templated":true}]}}