{"id":1911,"date":"2026-04-03T07:17:13","date_gmt":"2026-04-03T07:17:13","guid":{"rendered":"https:\/\/minimin.vn\/product\/vpp-set-so-25-71-kem-but-ky-kien-48-set\/"},"modified":"2026-04-03T07:17:28","modified_gmt":"2026-04-03T07:17:28","slug":"vpp-set-so-25-71-kem-but-ky-kien-48-set","status":"publish","type":"product","link":"https:\/\/minimin.vn\/vi\/san-pham\/vpp-set-so-25-71-kem-but-ky-kien-48-set\/","title":{"rendered":"VPP &#8211; Set s\u1ed5 25-71 k\u00e8m b\u00fat k\u00fd (Ki\u1ec7n 48 set)"},"content":{"rendered":"","protected":false},"excerpt":{"rendered":"","protected":false},"featured_media":1913,"comment_status":"closed","ping_status":"open","template":"","meta":[],"product_brand":[],"product_cat":[77],"product_tag":[],"class_list":{"0":"post-1911","1":"product","2":"type-product","3":"status-publish","4":"has-post-thumbnail","6":"product_cat-qua-tang-marketing","8":"first","9":"instock","10":"purchasable","11":"product-type-simple"},"_links":{"self":[{"href":"https:\/\/minimin.vn\/vi\/wp-json\/wp\/v2\/product\/1911","targetHints":{"allow":["GET"]}}],"collection":[{"href":"https:\/\/minimin.vn\/vi\/wp-json\/wp\/v2\/product"}],"about":[{"href":"https:\/\/minimin.vn\/vi\/wp-json\/wp\/v2\/types\/product"}],"replies":[{"embeddable":true,"href":"https:\/\/minimin.vn\/vi\/wp-json\/wp\/v2\/comments?post=1911"}],"version-history":[{"count":1,"href":"https:\/\/minimin.vn\/vi\/wp-json\/wp\/v2\/product\/1911\/revisions"}],"predecessor-version":[{"id":1912,"href":"https:\/\/minimin.vn\/vi\/wp-json\/wp\/v2\/product\/1911\/revisions\/1912"}],"wp:featuredmedia":[{"embeddable":true,"href":"https:\/\/minimin.vn\/vi\/wp-json\/wp\/v2\/media\/1913"}],"wp:attachment":[{"href":"https:\/\/minimin.vn\/vi\/wp-json\/wp\/v2\/media?parent=1911"}],"wp:term":[{"taxonomy":"product_brand","embeddable":true,"href":"https:\/\/minimin.vn\/vi\/wp-json\/wp\/v2\/product_brand?post=1911"},{"taxonomy":"product_cat","embeddable":true,"href":"https:\/\/minimin.vn\/vi\/wp-json\/wp\/v2\/product_cat?post=1911"},{"taxonomy":"product_tag","embeddable":true,"href":"https:\/\/minimin.vn\/vi\/wp-json\/wp\/v2\/product_tag?post=1911"}],"curies":[{"name":"wp","href":"https:\/\/api.w.org\/{rel}","templated":true}]}}