{"id":1902,"date":"2026-04-03T07:17:13","date_gmt":"2026-04-03T07:17:13","guid":{"rendered":"https:\/\/minimin.vn\/product\/set-18-cai-moc-khoa-day-deo-dien-thoai-nam-ngua-ma-vang-2026-kien-5-set\/"},"modified":"2026-04-03T07:17:25","modified_gmt":"2026-04-03T07:17:25","slug":"set-18-cai-moc-khoa-day-deo-dien-thoai-nam-ngua-ma-vang-2026-kien-5-set","status":"publish","type":"product","link":"https:\/\/minimin.vn\/vi\/san-pham\/set-18-cai-moc-khoa-day-deo-dien-thoai-nam-ngua-ma-vang-2026-kien-5-set\/","title":{"rendered":"Set 18 c\u00e1i m\u00f3c kh\u00f3a, d\u00e2y \u0111eo \u0111i\u1ec7n tho\u1ea1i n\u0103m ng\u1ef1a m\u1ea1 v\u00e0ng 2026 ( ki\u1ec7n 5 set)"},"content":{"rendered":"","protected":false},"excerpt":{"rendered":"","protected":false},"featured_media":1904,"comment_status":"closed","ping_status":"open","template":"","meta":[],"product_brand":[],"product_cat":[78],"product_tag":[],"class_list":{"0":"post-1902","1":"product","2":"type-product","3":"status-publish","4":"has-post-thumbnail","6":"product_cat-san-pham-theo-mua","8":"first","9":"instock","10":"purchasable","11":"product-type-simple"},"_links":{"self":[{"href":"https:\/\/minimin.vn\/vi\/wp-json\/wp\/v2\/product\/1902","targetHints":{"allow":["GET"]}}],"collection":[{"href":"https:\/\/minimin.vn\/vi\/wp-json\/wp\/v2\/product"}],"about":[{"href":"https:\/\/minimin.vn\/vi\/wp-json\/wp\/v2\/types\/product"}],"replies":[{"embeddable":true,"href":"https:\/\/minimin.vn\/vi\/wp-json\/wp\/v2\/comments?post=1902"}],"version-history":[{"count":1,"href":"https:\/\/minimin.vn\/vi\/wp-json\/wp\/v2\/product\/1902\/revisions"}],"predecessor-version":[{"id":1903,"href":"https:\/\/minimin.vn\/vi\/wp-json\/wp\/v2\/product\/1902\/revisions\/1903"}],"wp:featuredmedia":[{"embeddable":true,"href":"https:\/\/minimin.vn\/vi\/wp-json\/wp\/v2\/media\/1904"}],"wp:attachment":[{"href":"https:\/\/minimin.vn\/vi\/wp-json\/wp\/v2\/media?parent=1902"}],"wp:term":[{"taxonomy":"product_brand","embeddable":true,"href":"https:\/\/minimin.vn\/vi\/wp-json\/wp\/v2\/product_brand?post=1902"},{"taxonomy":"product_cat","embeddable":true,"href":"https:\/\/minimin.vn\/vi\/wp-json\/wp\/v2\/product_cat?post=1902"},{"taxonomy":"product_tag","embeddable":true,"href":"https:\/\/minimin.vn\/vi\/wp-json\/wp\/v2\/product_tag?post=1902"}],"curies":[{"name":"wp","href":"https:\/\/api.w.org\/{rel}","templated":true}]}}