{"id":1896,"date":"2026-04-03T07:17:13","date_gmt":"2026-04-03T07:17:13","guid":{"rendered":"https:\/\/minimin.vn\/product\/set-6-bao-li-xi-do-in-kim-mix-5-mau-kien-280-set\/"},"modified":"2026-04-03T07:17:22","modified_gmt":"2026-04-03T07:17:22","slug":"set-6-bao-li-xi-do-in-kim-mix-5-mau-kien-280-set","status":"publish","type":"product","link":"https:\/\/minimin.vn\/vi\/san-pham\/set-6-bao-li-xi-do-in-kim-mix-5-mau-kien-280-set\/","title":{"rendered":"Set 6 bao l\u00ec x\u00ec \u0111\u1ecf in kim mix 5 m\u1eabu (Ki\u1ec7n 280 set)"},"content":{"rendered":"","protected":false},"excerpt":{"rendered":"","protected":false},"featured_media":1898,"comment_status":"closed","ping_status":"open","template":"","meta":[],"product_brand":[],"product_cat":[78],"product_tag":[],"class_list":{"0":"post-1896","1":"product","2":"type-product","3":"status-publish","4":"has-post-thumbnail","6":"product_cat-san-pham-theo-mua","8":"first","9":"instock","10":"purchasable","11":"product-type-simple"},"_links":{"self":[{"href":"https:\/\/minimin.vn\/vi\/wp-json\/wp\/v2\/product\/1896","targetHints":{"allow":["GET"]}}],"collection":[{"href":"https:\/\/minimin.vn\/vi\/wp-json\/wp\/v2\/product"}],"about":[{"href":"https:\/\/minimin.vn\/vi\/wp-json\/wp\/v2\/types\/product"}],"replies":[{"embeddable":true,"href":"https:\/\/minimin.vn\/vi\/wp-json\/wp\/v2\/comments?post=1896"}],"version-history":[{"count":1,"href":"https:\/\/minimin.vn\/vi\/wp-json\/wp\/v2\/product\/1896\/revisions"}],"predecessor-version":[{"id":1897,"href":"https:\/\/minimin.vn\/vi\/wp-json\/wp\/v2\/product\/1896\/revisions\/1897"}],"wp:featuredmedia":[{"embeddable":true,"href":"https:\/\/minimin.vn\/vi\/wp-json\/wp\/v2\/media\/1898"}],"wp:attachment":[{"href":"https:\/\/minimin.vn\/vi\/wp-json\/wp\/v2\/media?parent=1896"}],"wp:term":[{"taxonomy":"product_brand","embeddable":true,"href":"https:\/\/minimin.vn\/vi\/wp-json\/wp\/v2\/product_brand?post=1896"},{"taxonomy":"product_cat","embeddable":true,"href":"https:\/\/minimin.vn\/vi\/wp-json\/wp\/v2\/product_cat?post=1896"},{"taxonomy":"product_tag","embeddable":true,"href":"https:\/\/minimin.vn\/vi\/wp-json\/wp\/v2\/product_tag?post=1896"}],"curies":[{"name":"wp","href":"https:\/\/api.w.org\/{rel}","templated":true}]}}