{"id":1878,"date":"2026-04-03T07:17:13","date_gmt":"2026-04-03T07:17:13","guid":{"rendered":"https:\/\/minimin.vn\/product\/moc-khoa-ngua-tai-loc-kien-100-cai-hang-nguyen-kien\/"},"modified":"2026-04-03T07:17:16","modified_gmt":"2026-04-03T07:17:16","slug":"moc-khoa-ngua-tai-loc-kien-100-cai-hang-nguyen-kien","status":"publish","type":"product","link":"https:\/\/minimin.vn\/vi\/san-pham\/moc-khoa-ngua-tai-loc-kien-100-cai-hang-nguyen-kien\/","title":{"rendered":"M\u00f3c kho\u00e1 ng\u1ef1a t\u00e0i l\u1ed9c ( Ki\u1ec7n 100 c\u00e1i) ( h\u00e0ng nguy\u00ean ki\u1ec7n)"},"content":{"rendered":"","protected":false},"excerpt":{"rendered":"","protected":false},"featured_media":1880,"comment_status":"closed","ping_status":"open","template":"","meta":[],"product_brand":[],"product_cat":[78],"product_tag":[],"class_list":{"0":"post-1878","1":"product","2":"type-product","3":"status-publish","4":"has-post-thumbnail","6":"product_cat-san-pham-theo-mua","8":"first","9":"instock","10":"purchasable","11":"product-type-simple"},"_links":{"self":[{"href":"https:\/\/minimin.vn\/vi\/wp-json\/wp\/v2\/product\/1878","targetHints":{"allow":["GET"]}}],"collection":[{"href":"https:\/\/minimin.vn\/vi\/wp-json\/wp\/v2\/product"}],"about":[{"href":"https:\/\/minimin.vn\/vi\/wp-json\/wp\/v2\/types\/product"}],"replies":[{"embeddable":true,"href":"https:\/\/minimin.vn\/vi\/wp-json\/wp\/v2\/comments?post=1878"}],"version-history":[{"count":1,"href":"https:\/\/minimin.vn\/vi\/wp-json\/wp\/v2\/product\/1878\/revisions"}],"predecessor-version":[{"id":1879,"href":"https:\/\/minimin.vn\/vi\/wp-json\/wp\/v2\/product\/1878\/revisions\/1879"}],"wp:featuredmedia":[{"embeddable":true,"href":"https:\/\/minimin.vn\/vi\/wp-json\/wp\/v2\/media\/1880"}],"wp:attachment":[{"href":"https:\/\/minimin.vn\/vi\/wp-json\/wp\/v2\/media?parent=1878"}],"wp:term":[{"taxonomy":"product_brand","embeddable":true,"href":"https:\/\/minimin.vn\/vi\/wp-json\/wp\/v2\/product_brand?post=1878"},{"taxonomy":"product_cat","embeddable":true,"href":"https:\/\/minimin.vn\/vi\/wp-json\/wp\/v2\/product_cat?post=1878"},{"taxonomy":"product_tag","embeddable":true,"href":"https:\/\/minimin.vn\/vi\/wp-json\/wp\/v2\/product_tag?post=1878"}],"curies":[{"name":"wp","href":"https:\/\/api.w.org\/{rel}","templated":true}]}}