{"id":1851,"date":"2026-04-03T07:16:40","date_gmt":"2026-04-03T07:16:40","guid":{"rendered":"https:\/\/minimin.vn\/product\/bong-tay-trang-tmark-cotton-vang-min-mang-khong-dau-rat-chinh-hang-200-222-mieng-kien-80-goi\/"},"modified":"2026-04-03T07:16:54","modified_gmt":"2026-04-03T07:16:54","slug":"bong-tay-trang-tmark-cotton-vang-min-mang-khong-dau-rat-chinh-hang-200-222-mieng-kien-80-goi","status":"publish","type":"product","link":"https:\/\/minimin.vn\/vi\/san-pham\/bong-tay-trang-tmark-cotton-vang-min-mang-khong-dau-rat-chinh-hang-200-222-mieng-kien-80-goi\/","title":{"rendered":"B\u00f4ng t\u1ea9y trang Tmark cotton v\u00e0ng m\u1ecbn m\u00e0ng, kh\u00f4ng \u0111au r\u00e1t ch\u00ednh h\u00e3ng 200-222 mi\u1ebfng (Ki\u1ec7n 80 g\u00f3i)"},"content":{"rendered":"","protected":false},"excerpt":{"rendered":"","protected":false},"featured_media":1853,"comment_status":"closed","ping_status":"open","template":"","meta":[],"product_brand":[],"product_cat":[75],"product_tag":[],"class_list":{"0":"post-1851","1":"product","2":"type-product","3":"status-publish","4":"has-post-thumbnail","6":"product_cat-phu-kien-lam-dep","8":"first","9":"instock","10":"purchasable","11":"product-type-simple"},"_links":{"self":[{"href":"https:\/\/minimin.vn\/vi\/wp-json\/wp\/v2\/product\/1851","targetHints":{"allow":["GET"]}}],"collection":[{"href":"https:\/\/minimin.vn\/vi\/wp-json\/wp\/v2\/product"}],"about":[{"href":"https:\/\/minimin.vn\/vi\/wp-json\/wp\/v2\/types\/product"}],"replies":[{"embeddable":true,"href":"https:\/\/minimin.vn\/vi\/wp-json\/wp\/v2\/comments?post=1851"}],"version-history":[{"count":1,"href":"https:\/\/minimin.vn\/vi\/wp-json\/wp\/v2\/product\/1851\/revisions"}],"predecessor-version":[{"id":1852,"href":"https:\/\/minimin.vn\/vi\/wp-json\/wp\/v2\/product\/1851\/revisions\/1852"}],"wp:featuredmedia":[{"embeddable":true,"href":"https:\/\/minimin.vn\/vi\/wp-json\/wp\/v2\/media\/1853"}],"wp:attachment":[{"href":"https:\/\/minimin.vn\/vi\/wp-json\/wp\/v2\/media?parent=1851"}],"wp:term":[{"taxonomy":"product_brand","embeddable":true,"href":"https:\/\/minimin.vn\/vi\/wp-json\/wp\/v2\/product_brand?post=1851"},{"taxonomy":"product_cat","embeddable":true,"href":"https:\/\/minimin.vn\/vi\/wp-json\/wp\/v2\/product_cat?post=1851"},{"taxonomy":"product_tag","embeddable":true,"href":"https:\/\/minimin.vn\/vi\/wp-json\/wp\/v2\/product_tag?post=1851"}],"curies":[{"name":"wp","href":"https:\/\/api.w.org\/{rel}","templated":true}]}}