{"id":1845,"date":"2026-04-03T07:16:40","date_gmt":"2026-04-03T07:16:40","guid":{"rendered":"https:\/\/minimin.vn\/product\/set-5-cai-bang-do-cai-toc-kien-300-set\/"},"modified":"2026-04-03T07:16:53","modified_gmt":"2026-04-03T07:16:53","slug":"set-5-cai-bang-do-cai-toc-kien-300-set","status":"publish","type":"product","link":"https:\/\/minimin.vn\/vi\/san-pham\/set-5-cai-bang-do-cai-toc-kien-300-set\/","title":{"rendered":"Set 5 c\u00e1i b\u0103ng \u0111\u00f4 c\u00e0i t\u00f3c (Ki\u1ec7n 300 set)"},"content":{"rendered":"","protected":false},"excerpt":{"rendered":"","protected":false},"featured_media":1847,"comment_status":"closed","ping_status":"open","template":"","meta":[],"product_brand":[],"product_cat":[75],"product_tag":[],"class_list":{"0":"post-1845","1":"product","2":"type-product","3":"status-publish","4":"has-post-thumbnail","6":"product_cat-phu-kien-lam-dep","8":"first","9":"instock","10":"purchasable","11":"product-type-simple"},"_links":{"self":[{"href":"https:\/\/minimin.vn\/vi\/wp-json\/wp\/v2\/product\/1845","targetHints":{"allow":["GET"]}}],"collection":[{"href":"https:\/\/minimin.vn\/vi\/wp-json\/wp\/v2\/product"}],"about":[{"href":"https:\/\/minimin.vn\/vi\/wp-json\/wp\/v2\/types\/product"}],"replies":[{"embeddable":true,"href":"https:\/\/minimin.vn\/vi\/wp-json\/wp\/v2\/comments?post=1845"}],"version-history":[{"count":1,"href":"https:\/\/minimin.vn\/vi\/wp-json\/wp\/v2\/product\/1845\/revisions"}],"predecessor-version":[{"id":1846,"href":"https:\/\/minimin.vn\/vi\/wp-json\/wp\/v2\/product\/1845\/revisions\/1846"}],"wp:featuredmedia":[{"embeddable":true,"href":"https:\/\/minimin.vn\/vi\/wp-json\/wp\/v2\/media\/1847"}],"wp:attachment":[{"href":"https:\/\/minimin.vn\/vi\/wp-json\/wp\/v2\/media?parent=1845"}],"wp:term":[{"taxonomy":"product_brand","embeddable":true,"href":"https:\/\/minimin.vn\/vi\/wp-json\/wp\/v2\/product_brand?post=1845"},{"taxonomy":"product_cat","embeddable":true,"href":"https:\/\/minimin.vn\/vi\/wp-json\/wp\/v2\/product_cat?post=1845"},{"taxonomy":"product_tag","embeddable":true,"href":"https:\/\/minimin.vn\/vi\/wp-json\/wp\/v2\/product_tag?post=1845"}],"curies":[{"name":"wp","href":"https:\/\/api.w.org\/{rel}","templated":true}]}}