{"id":1809,"date":"2026-04-03T07:16:40","date_gmt":"2026-04-03T07:16:40","guid":{"rendered":"https:\/\/minimin.vn\/product\/bong-mut-trang-diem-kien-138-cai-4\/"},"modified":"2026-04-03T07:16:40","modified_gmt":"2026-04-03T07:16:40","slug":"bong-mut-trang-diem-kien-138-cai-4","status":"publish","type":"product","link":"https:\/\/minimin.vn\/vi\/san-pham\/bong-mut-trang-diem-kien-138-cai-4\/","title":{"rendered":"B\u00f4ng m\u00fat trang \u0111i\u1ec3m (Ki\u1ec7n 138 c\u00e1i-4)"},"content":{"rendered":"","protected":false},"excerpt":{"rendered":"","protected":false},"featured_media":1811,"comment_status":"closed","ping_status":"open","template":"","meta":[],"product_brand":[],"product_cat":[75],"product_tag":[],"class_list":{"0":"post-1809","1":"product","2":"type-product","3":"status-publish","4":"has-post-thumbnail","6":"product_cat-phu-kien-lam-dep","8":"first","9":"instock","10":"purchasable","11":"product-type-simple"},"_links":{"self":[{"href":"https:\/\/minimin.vn\/vi\/wp-json\/wp\/v2\/product\/1809","targetHints":{"allow":["GET"]}}],"collection":[{"href":"https:\/\/minimin.vn\/vi\/wp-json\/wp\/v2\/product"}],"about":[{"href":"https:\/\/minimin.vn\/vi\/wp-json\/wp\/v2\/types\/product"}],"replies":[{"embeddable":true,"href":"https:\/\/minimin.vn\/vi\/wp-json\/wp\/v2\/comments?post=1809"}],"version-history":[{"count":1,"href":"https:\/\/minimin.vn\/vi\/wp-json\/wp\/v2\/product\/1809\/revisions"}],"predecessor-version":[{"id":1810,"href":"https:\/\/minimin.vn\/vi\/wp-json\/wp\/v2\/product\/1809\/revisions\/1810"}],"wp:featuredmedia":[{"embeddable":true,"href":"https:\/\/minimin.vn\/vi\/wp-json\/wp\/v2\/media\/1811"}],"wp:attachment":[{"href":"https:\/\/minimin.vn\/vi\/wp-json\/wp\/v2\/media?parent=1809"}],"wp:term":[{"taxonomy":"product_brand","embeddable":true,"href":"https:\/\/minimin.vn\/vi\/wp-json\/wp\/v2\/product_brand?post=1809"},{"taxonomy":"product_cat","embeddable":true,"href":"https:\/\/minimin.vn\/vi\/wp-json\/wp\/v2\/product_cat?post=1809"},{"taxonomy":"product_tag","embeddable":true,"href":"https:\/\/minimin.vn\/vi\/wp-json\/wp\/v2\/product_tag?post=1809"}],"curies":[{"name":"wp","href":"https:\/\/api.w.org\/{rel}","templated":true}]}}