{"id":1800,"date":"2026-04-03T07:16:08","date_gmt":"2026-04-03T07:16:08","guid":{"rendered":"https:\/\/minimin.vn\/product\/hop-kep-cai-toc-mini-cho-be-nhieu-mau-sac-tmark-kien-500-hop\/"},"modified":"2026-04-03T07:16:23","modified_gmt":"2026-04-03T07:16:23","slug":"hop-kep-cai-toc-mini-cho-be-nhieu-mau-sac-tmark-kien-500-hop","status":"publish","type":"product","link":"https:\/\/minimin.vn\/vi\/san-pham\/hop-kep-cai-toc-mini-cho-be-nhieu-mau-sac-tmark-kien-500-hop\/","title":{"rendered":"H\u1ed9p k\u1eb9p c\u00e0i t\u00f3c mini cho b\u00e9 nhi\u1ec1u m\u00e0u s\u1eafc Tmark (Ki\u1ec7n 500 h\u1ed9p)"},"content":{"rendered":"","protected":false},"excerpt":{"rendered":"","protected":false},"featured_media":1802,"comment_status":"closed","ping_status":"open","template":"","meta":[],"product_brand":[],"product_cat":[75],"product_tag":[],"class_list":{"0":"post-1800","1":"product","2":"type-product","3":"status-publish","4":"has-post-thumbnail","6":"product_cat-phu-kien-lam-dep","8":"first","9":"instock","10":"purchasable","11":"product-type-simple"},"_links":{"self":[{"href":"https:\/\/minimin.vn\/vi\/wp-json\/wp\/v2\/product\/1800","targetHints":{"allow":["GET"]}}],"collection":[{"href":"https:\/\/minimin.vn\/vi\/wp-json\/wp\/v2\/product"}],"about":[{"href":"https:\/\/minimin.vn\/vi\/wp-json\/wp\/v2\/types\/product"}],"replies":[{"embeddable":true,"href":"https:\/\/minimin.vn\/vi\/wp-json\/wp\/v2\/comments?post=1800"}],"version-history":[{"count":1,"href":"https:\/\/minimin.vn\/vi\/wp-json\/wp\/v2\/product\/1800\/revisions"}],"predecessor-version":[{"id":1801,"href":"https:\/\/minimin.vn\/vi\/wp-json\/wp\/v2\/product\/1800\/revisions\/1801"}],"wp:featuredmedia":[{"embeddable":true,"href":"https:\/\/minimin.vn\/vi\/wp-json\/wp\/v2\/media\/1802"}],"wp:attachment":[{"href":"https:\/\/minimin.vn\/vi\/wp-json\/wp\/v2\/media?parent=1800"}],"wp:term":[{"taxonomy":"product_brand","embeddable":true,"href":"https:\/\/minimin.vn\/vi\/wp-json\/wp\/v2\/product_brand?post=1800"},{"taxonomy":"product_cat","embeddable":true,"href":"https:\/\/minimin.vn\/vi\/wp-json\/wp\/v2\/product_cat?post=1800"},{"taxonomy":"product_tag","embeddable":true,"href":"https:\/\/minimin.vn\/vi\/wp-json\/wp\/v2\/product_tag?post=1800"}],"curies":[{"name":"wp","href":"https:\/\/api.w.org\/{rel}","templated":true}]}}