{"id":1776,"date":"2026-04-03T07:16:08","date_gmt":"2026-04-03T07:16:08","guid":{"rendered":"https:\/\/minimin.vn\/product\/bom-bang-do-hinh-mu-chop-noel-sieu-de-thuong-kien-60-cai\/"},"modified":"2026-04-03T07:16:18","modified_gmt":"2026-04-03T07:16:18","slug":"bom-bang-do-hinh-mu-chop-noel-sieu-de-thuong-kien-60-cai","status":"publish","type":"product","link":"https:\/\/minimin.vn\/vi\/san-pham\/bom-bang-do-hinh-mu-chop-noel-sieu-de-thuong-kien-60-cai\/","title":{"rendered":"B\u1eddm, b\u0103ng \u0111\u00f4 h\u00ecnh m\u0169 ch\u00f3p Noel si\u00eau d\u1ec5 th\u01b0\u01a1ng ( ki\u1ec7n 60 c\u00e1i)"},"content":{"rendered":"","protected":false},"excerpt":{"rendered":"","protected":false},"featured_media":1778,"comment_status":"closed","ping_status":"open","template":"","meta":[],"product_brand":[],"product_cat":[75],"product_tag":[],"class_list":{"0":"post-1776","1":"product","2":"type-product","3":"status-publish","4":"has-post-thumbnail","6":"product_cat-phu-kien-lam-dep","8":"first","9":"instock","10":"purchasable","11":"product-type-simple"},"_links":{"self":[{"href":"https:\/\/minimin.vn\/vi\/wp-json\/wp\/v2\/product\/1776","targetHints":{"allow":["GET"]}}],"collection":[{"href":"https:\/\/minimin.vn\/vi\/wp-json\/wp\/v2\/product"}],"about":[{"href":"https:\/\/minimin.vn\/vi\/wp-json\/wp\/v2\/types\/product"}],"replies":[{"embeddable":true,"href":"https:\/\/minimin.vn\/vi\/wp-json\/wp\/v2\/comments?post=1776"}],"version-history":[{"count":1,"href":"https:\/\/minimin.vn\/vi\/wp-json\/wp\/v2\/product\/1776\/revisions"}],"predecessor-version":[{"id":1777,"href":"https:\/\/minimin.vn\/vi\/wp-json\/wp\/v2\/product\/1776\/revisions\/1777"}],"wp:featuredmedia":[{"embeddable":true,"href":"https:\/\/minimin.vn\/vi\/wp-json\/wp\/v2\/media\/1778"}],"wp:attachment":[{"href":"https:\/\/minimin.vn\/vi\/wp-json\/wp\/v2\/media?parent=1776"}],"wp:term":[{"taxonomy":"product_brand","embeddable":true,"href":"https:\/\/minimin.vn\/vi\/wp-json\/wp\/v2\/product_brand?post=1776"},{"taxonomy":"product_cat","embeddable":true,"href":"https:\/\/minimin.vn\/vi\/wp-json\/wp\/v2\/product_cat?post=1776"},{"taxonomy":"product_tag","embeddable":true,"href":"https:\/\/minimin.vn\/vi\/wp-json\/wp\/v2\/product_tag?post=1776"}],"curies":[{"name":"wp","href":"https:\/\/api.w.org\/{rel}","templated":true}]}}