{"id":1728,"date":"2026-04-03T07:15:41","date_gmt":"2026-04-03T07:15:41","guid":{"rendered":"https:\/\/minimin.vn\/product\/bot-tay-long-may-giat-kien-20-goi-hang-nguyen-kien\/"},"modified":"2026-04-03T07:15:51","modified_gmt":"2026-04-03T07:15:51","slug":"bot-tay-long-may-giat-kien-20-goi-hang-nguyen-kien","status":"publish","type":"product","link":"https:\/\/minimin.vn\/vi\/san-pham\/bot-tay-long-may-giat-kien-20-goi-hang-nguyen-kien\/","title":{"rendered":"B\u1ed9t t\u1ea9y l\u1ed3ng m\u00e1y gi\u1eb7t (Ki\u1ec7n 20 g\u00f3i) (H\u00e0ng nguy\u00ean ki\u1ec7n)"},"content":{"rendered":"","protected":false},"excerpt":{"rendered":"","protected":false},"featured_media":1730,"comment_status":"closed","ping_status":"open","template":"","meta":[],"product_brand":[],"product_cat":[73],"product_tag":[],"class_list":{"0":"post-1728","1":"product","2":"type-product","3":"status-publish","4":"has-post-thumbnail","6":"product_cat-hoa-pham-tay-rua","8":"first","9":"instock","10":"purchasable","11":"product-type-simple"},"_links":{"self":[{"href":"https:\/\/minimin.vn\/vi\/wp-json\/wp\/v2\/product\/1728","targetHints":{"allow":["GET"]}}],"collection":[{"href":"https:\/\/minimin.vn\/vi\/wp-json\/wp\/v2\/product"}],"about":[{"href":"https:\/\/minimin.vn\/vi\/wp-json\/wp\/v2\/types\/product"}],"replies":[{"embeddable":true,"href":"https:\/\/minimin.vn\/vi\/wp-json\/wp\/v2\/comments?post=1728"}],"version-history":[{"count":1,"href":"https:\/\/minimin.vn\/vi\/wp-json\/wp\/v2\/product\/1728\/revisions"}],"predecessor-version":[{"id":1729,"href":"https:\/\/minimin.vn\/vi\/wp-json\/wp\/v2\/product\/1728\/revisions\/1729"}],"wp:featuredmedia":[{"embeddable":true,"href":"https:\/\/minimin.vn\/vi\/wp-json\/wp\/v2\/media\/1730"}],"wp:attachment":[{"href":"https:\/\/minimin.vn\/vi\/wp-json\/wp\/v2\/media?parent=1728"}],"wp:term":[{"taxonomy":"product_brand","embeddable":true,"href":"https:\/\/minimin.vn\/vi\/wp-json\/wp\/v2\/product_brand?post=1728"},{"taxonomy":"product_cat","embeddable":true,"href":"https:\/\/minimin.vn\/vi\/wp-json\/wp\/v2\/product_cat?post=1728"},{"taxonomy":"product_tag","embeddable":true,"href":"https:\/\/minimin.vn\/vi\/wp-json\/wp\/v2\/product_tag?post=1728"}],"curies":[{"name":"wp","href":"https:\/\/api.w.org\/{rel}","templated":true}]}}