{"id":2111,"date":"2026-04-07T02:28:05","date_gmt":"2026-04-07T02:28:05","guid":{"rendered":"https:\/\/minimin.vn\/?page_id=2111"},"modified":"2026-04-07T02:28:05","modified_gmt":"2026-04-07T02:28:05","slug":"chinh-sach-doi-tra","status":"publish","type":"page","link":"https:\/\/minimin.vn\/vi\/chinh-sach-doi-tra\/","title":{"rendered":"Ch\u00ednh s\u00e1ch \u0111\u1ed5i tr\u1ea3"},"content":{"rendered":"<p>MiniMin hi\u1ec3u s\u1ef1 tr\u00e2n tr\u1ecdng c\u1ee7a qu\u00fd kh\u00e1ch v\u1edbi nh\u1eefng s\u1ea3n ph\u1ea9m m\u00ecnh \u0111\u00e3 \u0111\u1eb7t mua. Ch\u00ednh s\u00e1ch h\u1eadu m\u00e3i t\u1ea1i MiniMin \u0111\u01b0\u1ee3c x\u00e2y d\u1ef1ng d\u1ef1a tr\u00ean ni\u1ec1m \u0111am m\u00ea v\u1edbi s\u1ea3n ph\u1ea9m m\u00e0 MiniMin \u0111ang b\u00e1n, c\u00f9ng s\u1ef1 cam k\u1ebft b\u1ea3o v\u1ec7 quy\u1ec1n l\u1ee3i ng\u01b0\u1eddi ti\u00eau d\u00f9ng \u0111\u1ec3 qu\u00fd kh\u00e1ch c\u00f3 th\u1ec3 y\u00ean t\u00e2m mua s\u1eafm v\u00e0 tr\u1ea3i nghi\u1ec7m d\u1ecbch v\u1ee5 c\u1ee7a MiniMin. <strong>\u0110\u1ed5i \u2013 Tr\u1ea3 do sai ho\u1eb7c thi\u1ebfu s\u1ea3n ph\u1ea9m<\/strong>\u00a0Khi nh\u1eadn \u0111\u01b0\u1ee3c s\u1ea3n ph\u1ea9m kh\u00e1c so v\u1edbi m\u00f4 t\u1ea3 tr\u00ean website ho\u1eb7c thi\u1ebfu so v\u1edbi \u0111\u01a1n h\u00e0ng \u0111\u00e3 \u0111\u1eb7t, qu\u00fd kh\u00e1ch vui l\u00f2ng ph\u1ea3n h\u1ed3i l\u1ea1i cho Tmark.vn trong v\u00f2ng 48 gi\u1edd k\u1ec3 t\u1eeb l\u00fac \u0111\u01a1n h\u00e0ng giao t\u1edbi. Tr\u01b0\u1eddng h\u1ee3p, qu\u00e1 th\u1eddi h\u1ea1n 48h ho\u1eb7c \u0111\u01a1n h\u00e0ng \u0111\u00e3 c\u00f3 bi\u00ean b\u1ea3n \u0111\u1ed3ng ki\u1ec3m gi\u1eefa b\u00ean v\u1eadn chuy\u1ec3n v\u00e0 qu\u00fd kh\u00e1ch, Tmark.vn s\u1ebd kh\u00f4ng \u0111\u1ed3ng \u00fd g\u1eedi b\u00f9 s\u1ea3n ph\u1ea9m trong m\u1ecdi \u0111i\u1ec1u ki\u1ec7n. Tmark s\u1ebd ti\u1ebfp nh\u1eadn th\u00f4ng tin v\u00e0 ph\u1ea3n h\u1ed3i v\u1ec1 h\u01b0\u1edbng x\u1eed l\u00fd g\u1edfi l\u1ea1i s\u1ea3n ph\u1ea9m trong v\u00f2ng 72 gi\u1edd k\u1ec3 t\u1eeb khi nh\u1eadn \u0111\u01b0\u1ee3c y\u00eau c\u1ea7u.\u00a0<strong>Tr\u1ea3 \u2013 Ho\u00e0n ti\u1ec1n theo mong mu\u1ed1n c\u1ee7a kh\u00e1ch h\u00e0ng:<\/strong>\u00a0Kh\u00f4ng h\u1ed7 tr\u1ee3 \u0111\u1ed5i tr\u1ea3 h\u00e0ng h\u00f3a n\u1ebfu nh\u01b0 kh\u00f4ng v\u1eeba \u00fd\u00a0<strong>Tr\u1ea3 \u2013 Ho\u00e0n ti\u1ec1n s\u1ea3n ph\u1ea9m l\u1ed7i do qu\u00e1 tr\u00ecnh v\u1eadn chuy\u1ec3n:<\/strong> Khi nh\u1eadn \u0111\u01b0\u1ee3c s\u1ea3n ph\u1ea9m b\u1ecb h\u01b0 h\u1ea1i do qu\u00e1 tr\u00ecnh v\u1eadn chuy\u1ec3n, qu\u00fd kh\u00e1ch\u00a0c\u1ea7n ph\u1ea3n h\u1ed3i l\u1ea1i cho Tmark.vn trong v\u00f2ng 48 gi\u1edd k\u1ec3 t\u1eeb l\u00fac \u0111\u01a1n h\u00e0ng giao t\u1edbi. Tr\u01b0\u1eddng h\u1ee3p, n\u1ebfu \u0111\u00e3 c\u00f3 bi\u00ean b\u1ea3n \u0111\u1ed3ng ki\u1ec3m gi\u1eefa b\u00ean v\u1eadn chuy\u1ec3n v\u00e0 kh\u00e1ch h\u00e0ng, MiniMin s\u1ebd kh\u00f4ng \u0111\u1ed3ng \u00fd \u0111\u1ed5i \u2013 tr\u1ea3 s\u1ea3n ph\u1ea9m trong m\u1ecdi \u0111i\u1ec1u ki\u1ec7n.<\/p>\n<ul class=\"wp-block-list\">\n<li>N\u1ebfu qu\u00fd kh\u00e1ch v\u1eabn c\u00f3 nhu c\u1ea7u v\u1edbi s\u1ea3n ph\u1ea9m, Tmark.vn s\u1ebd h\u1ed7 tr\u1ee3 x\u1eed l\u00fd theo tr\u01b0\u1eddng h\u1ee3p: \u0111\u1ed5i s\u1ea3n ph\u1ea9m.<\/li>\n<li>N\u1ebfu kh\u00e1ch h\u00e0ng kh\u00f4ng c\u00f2n nhu c\u1ea7u v\u1edbi s\u1ea3n ph\u1ea9m, Tmark.vn h\u1ed7 tr\u1ee3 ho\u00e0n ti\u1ec1n 100% gi\u00e1 tr\u1ecb s\u1ea3n ph\u1ea9m.<\/li>\n<\/ul>\n<p><strong>Tr\u1ea3 \u2013 Ho\u00e0n ti\u1ec1n s\u1ea3n ph\u1ea9m l\u1ed7i s\u1ea3n xu\u1ea5t:<\/strong> Trong tr\u01b0\u1eddng h\u1ee3p s\u1ea3n ph\u1ea9m b\u1ecb l\u1ed7i s\u1ea3n xu\u1ea5t, Tmark s\u1ebd h\u1ed7 tr\u1ee3 d\u1ef1a v\u00e0o th\u1eddi gian qu\u00fd kh\u00e1ch ph\u1ea3n h\u1ed3i th\u00f4ng b\u00e1o l\u1ed7i s\u1ea3n ph\u1ea9m \u0111\u1ebfn MiniMin c\u1ee5 th\u1ec3 nh\u01b0 sau: \u2013 Trong v\u00f2ng 7 ng\u00e0y k\u1ec3 t\u1eeb th\u1eddi \u0111i\u1ec3m MiniMin giao h\u00e0ng th\u00e0nh c\u00f4ng: MiniMin h\u1ed7 tr\u1ee3 \u0111\u1ed5i m\u1edbi s\u1ea3n ph\u1ea9m ho\u1eb7c tr\u1ea3 \u2013 ho\u00e0n ti\u1ec1n 100% \u0111\u1ed1i v\u1edbi m\u1eb7t h\u00e0ng \u0110i\u1ec7n t\u1eed, \u0110i\u1ec7n gia d\u1ee5ng, Ph\u1ee5 ki\u1ec7n \u0111i\u1ec7n t\u1eed \u2013 Trong v\u00f2ng 30 ng\u00e0y k\u1ec3 t\u1eeb th\u1eddi \u0111i\u1ec3m MiniMin giao h\u00e0ng th\u00e0nh c\u00f4ng: MiniMin h\u1ed7 tr\u1ee3 \u0111\u1ed5i m\u1edbi s\u1ea3n ph\u1ea9m ho\u1eb7c tr\u1ea3 \u2013 ho\u00e0n ti\u1ec1n 100% \u0111\u1ed1i v\u1edbi m\u1eb7t h\u00e0ng c\u00e1c m\u1eb7t h\u00e0ng c\u00f2n l\u1ea1i kh\u00f4ng thu\u1ed9c nh\u00f3m h\u00e0ng \u0111i\u1ec7n t\u1eed, \u0111i\u1ec7n gia d\u1ee5ng, ph\u1ee5 ki\u1ec7n \u0111i\u1ec7n t\u1eed .MiniMin c\u0169ng s\u1ebd c\u00f3 th\u00f4ng b\u00e1o qua email khi \u0111\u00e3 nh\u1eadn \u0111\u01b0\u1ee3c s\u1ea3n ph\u1ea9m t\u1eeb qu\u00fd kh\u00e1ch g\u1edfi v\u1ec1.<\/p>","protected":false},"excerpt":{"rendered":"<p>MiniMin hi\u1ec3u s\u1ef1 tr\u00e2n tr\u1ecdng c\u1ee7a qu\u00fd kh\u00e1ch v\u1edbi nh\u1eefng s\u1ea3n ph\u1ea9m m\u00ecnh \u0111\u00e3 \u0111\u1eb7t mua. Ch\u00ednh s\u00e1ch h\u1eadu m\u00e3i<\/p>","protected":false},"author":1,"featured_media":0,"parent":0,"menu_order":0,"comment_status":"closed","ping_status":"closed","template":"","meta":{"_acf_changed":false,"footnotes":""},"class_list":["post-2111","page","type-page","status-publish","hentry"],"acf":[],"_links":{"self":[{"href":"https:\/\/minimin.vn\/vi\/wp-json\/wp\/v2\/pages\/2111","targetHints":{"allow":["GET"]}}],"collection":[{"href":"https:\/\/minimin.vn\/vi\/wp-json\/wp\/v2\/pages"}],"about":[{"href":"https:\/\/minimin.vn\/vi\/wp-json\/wp\/v2\/types\/page"}],"author":[{"embeddable":true,"href":"https:\/\/minimin.vn\/vi\/wp-json\/wp\/v2\/users\/1"}],"replies":[{"embeddable":true,"href":"https:\/\/minimin.vn\/vi\/wp-json\/wp\/v2\/comments?post=2111"}],"version-history":[{"count":3,"href":"https:\/\/minimin.vn\/vi\/wp-json\/wp\/v2\/pages\/2111\/revisions"}],"predecessor-version":[{"id":2114,"href":"https:\/\/minimin.vn\/vi\/wp-json\/wp\/v2\/pages\/2111\/revisions\/2114"}],"wp:attachment":[{"href":"https:\/\/minimin.vn\/vi\/wp-json\/wp\/v2\/media?parent=2111"}],"curies":[{"name":"wp","href":"https:\/\/api.w.org\/{rel}","templated":true}]}}