{"id":2108,"date":"2026-04-07T02:26:15","date_gmt":"2026-04-07T02:26:15","guid":{"rendered":"https:\/\/minimin.vn\/?page_id=2108"},"modified":"2026-04-07T02:26:15","modified_gmt":"2026-04-07T02:26:15","slug":"chinh-sach-van-chuyen","status":"publish","type":"page","link":"https:\/\/minimin.vn\/vi\/chinh-sach-van-chuyen\/","title":{"rendered":"Ch\u00ednh s\u00e1ch v\u1eadn chuy\u1ec3n"},"content":{"rendered":"<h4 class=\"wp-block-heading\"><a href=\"http:\/\/tmark.vn\/chinhsachvanchuyen#collapseTwo\" target=\"_blank\" rel=\"noopener\">H\u00ccNH TH\u1ee8C V\u1eacN CHUY\u1ec2N<\/a><\/h4>\n<ul class=\"wp-block-list\">\n<li>Sau khi nh\u1eadn \u0111\u01b0\u1ee3c \u0111\u01a1n h\u00e0ng t\u1eeb Ng\u01b0\u1eddi Mua, MiniMin s\u1ebd chuy\u1ec3n th\u00f4ng tin \u0111\u01a1n h\u00e0ng \u0111\u00f3 \u0111\u1ebfn B\u1ed9 ph\u1eadn ch\u0103m s\u00f3c KH v\u00e0 x\u00e1c nh\u1eadn h\u00ecnh th\u1ee9c giao d\u1ecbch.<\/li>\n<li>N\u1ebfu Ng\u01b0\u1eddi mua \u0111\u1ed3ng \u00fd s\u1eed d\u1ee5ng d\u1ecbch v\u1ee5 v\u1eadn chuy\u1ec3n c\u1ee7a Tmark, Tmark s\u1ebd c\u1eed \u0111\u01a1n v\u1ecb v\u1eadn chuy\u1ec3n v\u1eadn chuy\u1ec3n s\u1ea3n ph\u1ea9m \u0111\u00f3 t\u1edbi \u0111\u1ecba ch\u1ec9 \u0111\u0103ng k\u00fd c\u1ee7a Ng\u01b0\u1eddi Mua.<\/li>\n<li>Th\u1eddi gian giao h\u00e0ng \u0111\u01b0\u1ee3c b\u1eaft \u0111\u1ea7u t\u00ednh t\u1eeb l\u00fac \u0111\u01a1n h\u00e0ng \u0111\u01b0\u1ee3c Tmark giao cho \u0111\u01a1n v\u1ecb v\u1eadn chuy\u1ec3n th\u00e0nh c\u00f4ng.<\/li>\n<\/ul>\n<h4 class=\"wp-block-heading\"><a href=\"http:\/\/tmark.vn\/chinhsachvanchuyen#collapseTwo\" target=\"_blank\" rel=\"noopener\">TH\u1edcI GIAN V\u1eacN CHUY\u1ec2N<\/a><\/h4>\n<p>Th\u1eddi gian v\u1eadn chuy\u1ec3n c\u1ee5 th\u1ec3 ph\u1ee5 thu\u1ed9c v\u00e0o kho\u1ea3ng c\u00e1ch \u0111\u1ecba l\u00fd gi\u1eefa Ng\u01b0\u1eddi Mua v\u00e0 Kho MiniMin. Tuy nhi\u00ean, MiniMin \u01b0\u1edbc t\u00ednh th\u1eddi gian chuy\u1ec3n h\u00e0ng nh\u01b0 sau (kh\u00f4ng k\u1ec3 Ch\u1ee7 nh\u1eadt, ng\u00e0y L\u1ec5):<\/p>\n<ul class=\"wp-block-list\">\n<li>Trong ph\u1ea1m vi N\u1ed9i th\u00e0nh H\u00e0 N\u1ed9i\/TP H\u1ed3 Ch\u00ed Minh\/\u0110\u00e0 N\u1eb5ng: 1 \u2013 2 ng\u00e0y<\/li>\n<li>H\u00e0 N\u1ed9i\/TP HCM\/\u0110\u00e0 N\u1eb5ng \u0111\u1ebfn th\u00e0nh ph\u1ed1\/th\u1ecb x\u00e3: T\u1ed1i \u0111a 4 ng\u00e0y<\/li>\n<li>H\u00e0 N\u1ed9i\/TP HCM\/\u0110\u00e0 N\u1eb5ng \u0111\u1ebfn tuy\u1ebfn huy\u1ec7n\/x\u00e3 c\u1ee7a c\u00e1c t\u1ec9nh kh\u00e1c: T\u1ed1i \u0111a 6 ng\u00e0y<\/li>\n<li>L\u01b0u chuy\u1ec3n gi\u1eefa c\u00e1c t\u1ec9nh th\u00e0nh kh\u00e1c: T\u1eeb 3 \u2013 6 ng\u00e0y<\/li>\n<\/ul>\n<p>L\u01b0u \u00fd:\u00a0M\u1ed9t s\u1ed1 \u0111\u01a1n h\u00e0ng c\u00f3 th\u1ec3 s\u1ebd v\u1eadn chuy\u1ec3n l\u00e2u h\u01a1n do \u0110\u01a1n v\u1ecb v\u1eadn chuy\u1ec3n l\u1ea5y h\u00e0ng l\u00e2u h\u01a1n d\u1ef1 ki\u1ebfn ho\u1eb7c Ng\u01b0\u1eddi Mua h\u1eb9n giao h\u00e0ng mu\u1ed9n v\u00ec b\u1ea5t c\u1ee9 l\u00fd do g\u00ec.<\/p>","protected":false},"excerpt":{"rendered":"<p>H\u00ccNH TH\u1ee8C V\u1eacN CHUY\u1ec2N Sau khi nh\u1eadn \u0111\u01b0\u1ee3c \u0111\u01a1n h\u00e0ng t\u1eeb Ng\u01b0\u1eddi Mua, MiniMin s\u1ebd chuy\u1ec3n th\u00f4ng tin \u0111\u01a1n h\u00e0ng<\/p>","protected":false},"author":1,"featured_media":0,"parent":0,"menu_order":0,"comment_status":"closed","ping_status":"closed","template":"","meta":{"_acf_changed":false,"footnotes":""},"class_list":["post-2108","page","type-page","status-publish","hentry"],"acf":[],"_links":{"self":[{"href":"https:\/\/minimin.vn\/vi\/wp-json\/wp\/v2\/pages\/2108","targetHints":{"allow":["GET"]}}],"collection":[{"href":"https:\/\/minimin.vn\/vi\/wp-json\/wp\/v2\/pages"}],"about":[{"href":"https:\/\/minimin.vn\/vi\/wp-json\/wp\/v2\/types\/page"}],"author":[{"embeddable":true,"href":"https:\/\/minimin.vn\/vi\/wp-json\/wp\/v2\/users\/1"}],"replies":[{"embeddable":true,"href":"https:\/\/minimin.vn\/vi\/wp-json\/wp\/v2\/comments?post=2108"}],"version-history":[{"count":2,"href":"https:\/\/minimin.vn\/vi\/wp-json\/wp\/v2\/pages\/2108\/revisions"}],"predecessor-version":[{"id":2110,"href":"https:\/\/minimin.vn\/vi\/wp-json\/wp\/v2\/pages\/2108\/revisions\/2110"}],"wp:attachment":[{"href":"https:\/\/minimin.vn\/vi\/wp-json\/wp\/v2\/media?parent=2108"}],"curies":[{"name":"wp","href":"https:\/\/api.w.org\/{rel}","templated":true}]}}